{"id":106,"date":"2020-08-13T11:30:53","date_gmt":"2020-08-13T11:30:53","guid":{"rendered":"http:\/\/fillday.com\/luxtek\/?page_id=106"},"modified":"2022-12-27T17:13:12","modified_gmt":"2022-12-27T17:13:12","slug":"contactos","status":"publish","type":"page","link":"https:\/\/fillday.com\/luxtek\/contactos\/","title":{"rendered":"CONTACTOS"},"content":{"rendered":"\n<div class=\"wp-block-group is-layout-flow wp-block-group-is-layout-flow\"><div class=\"wp-block-group__inner-container\">\n<div class=\"wp-block-columns page-title is-layout-flex wp-container-core-columns-layout-1 wp-block-columns-is-layout-flex\">\n<div class=\"wp-block-column top-left is-layout-flow wp-block-column-is-layout-flow\" style=\"flex-basis:45%\">\n<div style=\"height:30px\" aria-hidden=\"true\" class=\"wp-block-spacer\"><\/div>\n\n\n\n<h1 class=\"has-text-align-center wp-block-heading\" id=\"contactos\">CONTACTOS<\/h1>\n\n\n\n<div style=\"height:4px\" aria-hidden=\"true\" class=\"wp-block-spacer\"><\/div>\n<\/div>\n\n\n\n<div class=\"wp-block-column is-layout-flow wp-block-column-is-layout-flow\" style=\"flex-basis:55%\"><\/div>\n<\/div>\n\n\n\n<div class=\"wp-block-columns second-row is-layout-flex wp-container-core-columns-layout-3 wp-block-columns-is-layout-flex\">\n<div class=\"wp-block-column leftcolumn is-layout-flow wp-block-column-is-layout-flow\" style=\"flex-basis:45%\">\n<h2 class=\"wp-block-heading\" id=\"geonext-produtos-electricos-s-a\">Geonext Produtos&nbsp;El\u00e9ctricos,&nbsp;S.A.<\/h2>\n\n\n\n<div style=\"height:10px\" aria-hidden=\"true\" class=\"wp-block-spacer\"><\/div>\n\n\n\n<p><\/p>\n\n\n\n<div id=\"address-top\" class=\"wp-block-group address is-layout-flow wp-block-group-is-layout-flow\"><div class=\"wp-block-group__inner-container\">\n<div class=\"wp-block-columns is-layout-flex wp-container-core-columns-layout-2 wp-block-columns-is-layout-flex\" id=\"address-r1\">\n<div class=\"wp-block-column is-layout-flow wp-block-column-is-layout-flow\" style=\"flex-basis:9%\">\n<p>Telef:<\/p>\n<\/div>\n\n\n\n<div class=\"wp-block-column is-layout-flow wp-block-column-is-layout-flow\" style=\"flex-basis:33%\">\n<p>+351 252 301 260<\/p>\n<\/div>\n\n\n\n<div class=\"wp-block-column chamada is-layout-flow wp-block-column-is-layout-flow\" style=\"flex-basis:58%\">\n<p>(Chamada para rede fixa nacional)<\/p>\n<\/div>\n<\/div>\n\n\n\n<div id=\"address-top-r2-c1\" class=\"wp-block-group address-r2 address-c1 is-layout-flow wp-block-group-is-layout-flow\"><div class=\"wp-block-group__inner-container\">\n<p>Fax:<\/p>\n<\/div><\/div>\n\n\n\n<div id=\"address-top-r2-c2\" class=\"wp-block-group address-r2 address-c2 is-layout-flow wp-block-group-is-layout-flow\"><div class=\"wp-block-group__inner-container\">\n<p>+351 252 378 160<\/p>\n<\/div><\/div>\n\n\n\n<div id=\"address-top-r3-c1\" class=\"wp-block-group address-r3 address-c1 is-layout-flow wp-block-group-is-layout-flow\"><div class=\"wp-block-group__inner-container\">\n<p>Email:<\/p>\n<\/div><\/div>\n\n\n\n<div id=\"address-top-r3-c2\" class=\"wp-block-group address-r3 address-c2 is-layout-flow wp-block-group-is-layout-flow\"><div class=\"wp-block-group__inner-container\">\n<p> <a href=\"mailto:geral@fillday.com\">geral@fillday.com<\/a><\/p>\n<\/div><\/div>\n<\/div><\/div>\n\n\n\n<div style=\"height:36px\" aria-hidden=\"true\" class=\"wp-block-spacer\"><\/div>\n\n\n\n<h3 class=\"wp-block-heading\" id=\"sede-social\">Sede Social<\/h3>\n\n\n\n<p>Rua Ant\u00f3nio Silva Marinho, 197<\/p>\n\n\n\n<p>4100-064 Porto<\/p>\n\n\n\n<p>PORTUGAL<\/p>\n\n\n\n<div style=\"height:36px\" aria-hidden=\"true\" class=\"wp-block-spacer\"><\/div>\n\n\n\n<h3 class=\"wp-block-heading\" id=\"central-de-distribuicao-centro-logistico-e-exposicao\">Central de distribui\u00e7\u00e3o, Centro Logistico e Exposi\u00e7\u00e3o<\/h3>\n\n\n\n<p>Rua da Ind\u00fastria, 181<\/p>\n\n\n\n<p>P\u00f3lo Industrial de Lousado<\/p>\n\n\n\n<p>4760-810 Lousado, V.N. Famalic\u00e3o<\/p>\n\n\n\n<p>PORTUGAL<\/p>\n<\/div>\n\n\n\n<div class=\"wp-block-column rightcolumn is-layout-flow wp-block-column-is-layout-flow\" style=\"flex-basis:55%\">\n<div class=\"wpcf7 no-js\" id=\"wpcf7-f580-o1\" lang=\"pt-PT\" dir=\"ltr\">\n<div class=\"screen-reader-response\"><p role=\"status\" aria-live=\"polite\" aria-atomic=\"true\"><\/p> <ul><\/ul><\/div>\n<form action=\"\/luxtek\/wp-json\/wp\/v2\/pages\/106?doing_wp_cron=1776322077.2932178974151611328125#wpcf7-f580-o1\" method=\"post\" class=\"wpcf7-form init\" aria-label=\"Formul\u00e1rio de contacto\" novalidate=\"novalidate\" data-status=\"init\">\n<div style=\"display: none;\">\n<input type=\"hidden\" name=\"_wpcf7\" value=\"580\" \/>\n<input type=\"hidden\" name=\"_wpcf7_version\" value=\"5.8.5\" \/>\n<input type=\"hidden\" name=\"_wpcf7_locale\" value=\"pt_PT\" \/>\n<input type=\"hidden\" name=\"_wpcf7_unit_tag\" value=\"wpcf7-f580-o1\" \/>\n<input type=\"hidden\" name=\"_wpcf7_container_post\" value=\"0\" \/>\n<input type=\"hidden\" name=\"_wpcf7_posted_data_hash\" value=\"\" \/>\n<\/div>\n<p><span class=\"wpcf7-form-control-wrap\" data-name=\"text-579\"><input size=\"40\" class=\"wpcf7-form-control wpcf7-text wpcf7-validates-as-required text-579\" id=\"text-579\" aria-required=\"true\" aria-invalid=\"false\" placeholder=\"* Nome\" value=\"\" type=\"text\" name=\"text-579\" \/><\/span>\n<\/p>\n<p><span class=\"wpcf7-form-control-wrap intl_tel-564\"><input class=\"wpcf7-form-control wpcf7-intl_tel wpcf7-intl-tel intl_tel-564\" id=\"intl_tel-564\" aria-invalid=\"false\" placeholder=\"Telefone\" data-initialcountry=\"pt\" data-preferredcountries=\"pt-fr-es\" value=\"\" type=\"tel\" name=\"intl_tel-564-cf7it-national\" \/><input name=\"intl_tel-564\" type=\"hidden\" class=\"wpcf7-intl-tel-full\" \/><input type=\"hidden\" name=\"intl_tel-564-cf7it-country-name\" class=\"wpcf7-intl-tel-country-name\" \/><input type=\"hidden\" name=\"intl_tel-564-cf7it-country-code\" class=\"wpcf7-intl-tel-country-code\" \/><input type=\"hidden\" name=\"intl_tel-564-cf7it-country-iso2\" class=\"wpcf7-intl-tel-country-iso2\" \/><\/span>\n<\/p>\n<p><span class=\"wpcf7-form-control-wrap\" data-name=\"email-744\"><input size=\"40\" class=\"wpcf7-form-control wpcf7-email wpcf7-validates-as-required wpcf7-text wpcf7-validates-as-email email\" id=\"email-744\" aria-required=\"true\" aria-invalid=\"false\" placeholder=\"* Email\" value=\"\" type=\"email\" name=\"email-744\" \/><\/span>\n<\/p>\n<div id=\"form-text-area\">\n\t<p><span class=\"wpcf7-form-control-wrap\" data-name=\"your-message\"><textarea cols=\"40\" rows=\"10\" maxlength=\"500\" class=\"wpcf7-form-control wpcf7-textarea wpcf7-validates-as-required\" aria-required=\"true\" aria-invalid=\"false\" placeholder=\"* Mensagem\" name=\"your-message\"><\/textarea><\/span>\n\t<\/p>\n<\/div>\n<div id=\"character-count\">\n\t<p><span class=\"wpcf7-character-count up\" data-target-name=\"your-message\" data-starting-value=\"0\" data-current-value=\"0\" data-maximum-value=\"500\">0<\/span><span>\/500<\/span>\n\t<\/p>\n<\/div>\n<div id=\"li-e-aceito\">\n\t<p><span class=\"wpcf7-form-control-wrap\" data-name=\"checkbox-913\"><span class=\"wpcf7-form-control wpcf7-checkbox wpcf7-validates-as-required checkbox-913\" id=\"checkbox-913\"><span class=\"wpcf7-list-item first last\"><label><input type=\"checkbox\" name=\"checkbox-913[]\" value=\"Li e aceito a\" \/><span class=\"wpcf7-list-item-label\">Li e aceito a<\/span><\/label><\/span><\/span><\/span>&nbsp<a href=\"https:\/\/fillday.com\/politica-de-privacidade\/\" target=\"_blank\">pol\u00edtica da privacidade<\/a>*\n\t<\/p>\n<\/div>\n<div id=\"enviar-mensagem\">\n\t<p><input class=\"wpcf7-form-control wpcf7-submit has-spinner senditbaby\" id=\"senditbaby2\" type=\"submit\" value=\"ENVIAR\" \/>\n\t<\/p>\n<\/div><p style=\"display: none !important;\"><label>&#916;<textarea name=\"_wpcf7_ak_hp_textarea\" cols=\"45\" rows=\"8\" maxlength=\"100\"><\/textarea><\/label><input type=\"hidden\" id=\"ak_js_1\" name=\"_wpcf7_ak_js\" value=\"33\"\/><script>document.getElementById( \"ak_js_1\" ).setAttribute( \"value\", ( new Date() ).getTime() );<\/script><\/p><div class=\"wpcf7-response-output\" aria-hidden=\"true\"><\/div>\n<\/form>\n<\/div>\n\n<\/div>\n<\/div>\n\n\n\n<div class=\"wp-block-group google-maps is-layout-flow wp-block-group-is-layout-flow\"><div class=\"wp-block-group__inner-container\">\n<iframe src=\"https:\/\/www.google.com\/maps\/embed?pb=!1m18!1m12!1m3!1d23954.314195146977!2d-8.547103357134281!3d41.36779946293423!2m3!1f0!2f0!3f0!3m2!1i1024!2i768!4f13.1!3m3!1m2!1s0xd24592bddbec719%3A0x2b8fd8ad45a72187!2sGeonext%20-%20Productos%20El%C3%A9ctricos%2C%20S.A.!5e0!3m2!1spt-PT!2spt!4v1641923140819!5m2!1spt-PT!2spt\" width=\"1920\" height=\"600\" style=\"border:0;\" allowfullscreen=\"\" loading=\"lazy\"><\/iframe>\n<\/div><\/div>\n\n\n\n<div class=\"wp-block-group is-layout-flow wp-block-group-is-layout-flow\"><div class=\"wp-block-group__inner-container\">\n<div id=\"footer-row\" class=\"wp-block-group footer-padding has-nv-site-bg-color has-nv-dark-bg-background-color has-text-color has-background is-layout-flow wp-block-group-is-layout-flow\"><div class=\"wp-block-group__inner-container\">\n<div style=\"height:16px\" aria-hidden=\"true\" class=\"wp-block-spacer\"><\/div>\n\n\n\n<div class=\"wp-block-columns is-layout-flex wp-container-core-columns-layout-4 wp-block-columns-is-layout-flex\">\n<div class=\"wp-block-column footer-logo-col is-layout-flow wp-block-column-is-layout-flow\" style=\"flex-basis:17%\">\n<figure class=\"wp-block-image size-large\" id=\"footer-logo\"><a href=\"https:\/\/fillday.com\/luxtek\/\" target=\"_blank\" rel=\"noopener\"><img decoding=\"async\" src=\"https:\/\/fillday.com\/luxtek\/wp-content\/uploads\/2021\/07\/Fillday-Luxtek_Branco-01.png\" alt=\"\"\/><\/a><\/figure>\n<\/div>\n\n\n\n<div class=\"wp-block-column is-layout-flow wp-block-column-is-layout-flow\"><\/div>\n\n\n\n<div class=\"wp-block-column is-layout-flow wp-block-column-is-layout-flow\"><\/div>\n<\/div>\n\n\n\n<div style=\"height:28px\" aria-hidden=\"true\" class=\"wp-block-spacer\"><\/div>\n\n\n\n<div class=\"wp-block-columns is-layout-flex wp-container-core-columns-layout-7 wp-block-columns-is-layout-flex\">\n<div class=\"wp-block-column is-layout-flow wp-block-column-is-layout-flow\" style=\"flex-basis:33%\" id=\"footer-col-1\">\n<p class=\"ft-col-1-p-1\">Rua da Ind\u00fastria, 181<\/p>\n\n\n\n<p class=\"ft-col-1-p-1\">P\u00f3lo Industrial de Lousado<\/p>\n\n\n\n<p class=\"ft-col-1-p-2\">4760-810 Lousado, V.N. Famalic\u00e3o | PT<\/p>\n\n\n\n<div id=\"address\" class=\"wp-block-group address is-layout-flow wp-block-group-is-layout-flow\"><div class=\"wp-block-group__inner-container\">\n<div class=\"wp-block-columns is-layout-flex wp-container-core-columns-layout-5 wp-block-columns-is-layout-flex\" id=\"address-r1\">\n<div class=\"wp-block-column is-layout-flow wp-block-column-is-layout-flow\" style=\"flex-basis:9%\">\n<p>Telef:<\/p>\n<\/div>\n\n\n\n<div class=\"wp-block-column is-layout-flow wp-block-column-is-layout-flow\" style=\"flex-basis:33%\">\n<p>+351 252 301 260<\/p>\n<\/div>\n\n\n\n<div class=\"wp-block-column chamada is-layout-flow wp-block-column-is-layout-flow\" style=\"flex-basis:58%\">\n<p>(Chamada para rede fixa nacional)<\/p>\n<\/div>\n<\/div>\n\n\n\n<div id=\"address-r2-c1\" class=\"wp-block-group address-r2 address-c1 is-layout-flow wp-block-group-is-layout-flow\"><div class=\"wp-block-group__inner-container\">\n<p>Fax:<\/p>\n<\/div><\/div>\n\n\n\n<div id=\"address-r2-c2\" class=\"wp-block-group address-r2 address-c2 is-layout-flow wp-block-group-is-layout-flow\"><div class=\"wp-block-group__inner-container\">\n<p>+351 252 378 160<\/p>\n<\/div><\/div>\n\n\n\n<div id=\"address-r3-c1\" class=\"wp-block-group address-r3 address-c1 is-layout-flow wp-block-group-is-layout-flow\"><div class=\"wp-block-group__inner-container\">\n<p>Email:<\/p>\n<\/div><\/div>\n\n\n\n<div id=\"address-r3-c2\" class=\"wp-block-group address-r3 address-c2 is-layout-flow wp-block-group-is-layout-flow\"><div class=\"wp-block-group__inner-container\">\n<p> <a href=\"mailto:geral@fillday.com\">geral@fillday.com<\/a><\/p>\n<\/div><\/div>\n<\/div><\/div>\n<\/div>\n\n\n\n<div class=\"wp-block-column is-layout-flow wp-block-column-is-layout-flow\" style=\"flex-basis:29%\" id=\"footer-col-2\">\n<p class=\"link-white\"><a href=\"https:\/\/fillday.com\/luxtek\/produtos\/\"><strong>PRODUTOS<\/strong><\/a><\/p>\n\n\n\n<p class=\"link-white\"><a href=\"https:\/\/fillday.com\/luxtek\/transferencias\/\"><strong>TRANSFER\u00caNCIAS<\/strong><\/a><\/p>\n\n\n\n<p class=\"link-white\"><a href=\"https:\/\/fillday.com\/luxtek\/contacto\/\"><strong>CONTACTOS<\/strong><\/a><\/p>\n\n\n\n<p class=\"link-white\"><a href=\"https:\/\/fillday.com\/politica-de-privacidade-tudo\/\"><strong>POL\u00cdTICA DE PRIVACIDADE<\/strong><\/a><\/p>\n<\/div>\n\n\n\n<div class=\"wp-block-column is-layout-flow wp-block-column-is-layout-flow\" style=\"flex-basis:38%\" id=\"footer-col-3\">\n<div class=\"wp-block-buttons is-layout-flex wp-block-buttons-is-layout-flex\">\n<div class=\"wp-block-button subscribe-button\" id=\"subscribe-button\"><a class=\"wp-block-button__link has-background wp-element-button\" style=\"border-radius:0px;background-color:#4f4f4f\" rel=\"\">SUBSCREVE A NOSSA NEWSLETTER<\/a><\/div>\n<\/div>\n\n\n\n<div id=\"popup-wrapper\" class=\"wp-block-group popup off is-layout-flow wp-block-group-is-layout-flow\"><div class=\"wp-block-group__inner-container\">\n<div id=\"close-pop-up\">\n            <div id=\"close-x\">\n\n            <\/div>\n        <\/div>\n\n\n\n<div class=\"eg-embed-3ele2LxO egoi-newsletter\"><\/div>\n<\/div><\/div>\n\n\n\n<div class=\"wp-block-group four-icons-white is-layout-flow wp-block-group-is-layout-flow\"><div class=\"wp-block-group__inner-container\">\n<div class=\"wp-block-columns is-layout-flex wp-container-core-columns-layout-6 wp-block-columns-is-layout-flex\">\n<div class=\"wp-block-column is-layout-flow wp-block-column-is-layout-flow\">\n<figure class=\"wp-block-image size-full\"><a href=\"https:\/\/fillday.com\/luxtek\/\"><img loading=\"lazy\" decoding=\"async\" width=\"1218\" height=\"414\" src=\"https:\/\/fillday.com\/luxtek\/wp-content\/uploads\/2022\/01\/fillday-luxtek-branco-01.png\" alt=\"\" class=\"wp-image-2020\" srcset=\"https:\/\/fillday.com\/luxtek\/wp-content\/uploads\/2022\/01\/fillday-luxtek-branco-01.png 1218w, https:\/\/fillday.com\/luxtek\/wp-content\/uploads\/2022\/01\/fillday-luxtek-branco-01-300x102.png 300w, https:\/\/fillday.com\/luxtek\/wp-content\/uploads\/2022\/01\/fillday-luxtek-branco-01-768x261.png 768w\" sizes=\"(max-width: 1218px) 100vw, 1218px\" \/><\/a><\/figure>\n<\/div>\n\n\n\n<div class=\"wp-block-column is-layout-flow wp-block-column-is-layout-flow\">\n<figure class=\"wp-block-image size-full\"><a href=\"https:\/\/www.lumitek.pt\/\" target=\"_blank\" rel=\"noopener\"><img loading=\"lazy\" decoding=\"async\" width=\"1218\" height=\"415\" src=\"https:\/\/fillday.com\/luxtek\/wp-content\/uploads\/2022\/01\/fillday-lumitek-branco-01.png\" alt=\"\" class=\"wp-image-2022\" srcset=\"https:\/\/fillday.com\/luxtek\/wp-content\/uploads\/2022\/01\/fillday-lumitek-branco-01.png 1218w, https:\/\/fillday.com\/luxtek\/wp-content\/uploads\/2022\/01\/fillday-lumitek-branco-01-300x102.png 300w, https:\/\/fillday.com\/luxtek\/wp-content\/uploads\/2022\/01\/fillday-lumitek-branco-01-768x262.png 768w\" sizes=\"(max-width: 1218px) 100vw, 1218px\" \/><\/a><\/figure>\n<\/div>\n\n\n\n<div class=\"wp-block-column is-layout-flow wp-block-column-is-layout-flow\">\n<figure class=\"wp-block-image size-full\"><a href=\"https:\/\/www.blink.com.pt\/\" target=\"_blank\" rel=\"noopener\"><img loading=\"lazy\" decoding=\"async\" width=\"1218\" height=\"415\" src=\"https:\/\/fillday.com\/luxtek\/wp-content\/uploads\/2022\/01\/fillday-blink-branco-01.png\" alt=\"\" class=\"wp-image-2023\" srcset=\"https:\/\/fillday.com\/luxtek\/wp-content\/uploads\/2022\/01\/fillday-blink-branco-01.png 1218w, https:\/\/fillday.com\/luxtek\/wp-content\/uploads\/2022\/01\/fillday-blink-branco-01-300x102.png 300w, https:\/\/fillday.com\/luxtek\/wp-content\/uploads\/2022\/01\/fillday-blink-branco-01-768x262.png 768w\" sizes=\"(max-width: 1218px) 100vw, 1218px\" \/><\/a><\/figure>\n<\/div>\n\n\n\n<div class=\"wp-block-column is-layout-flow wp-block-column-is-layout-flow\">\n<figure class=\"wp-block-image size-full\"><a href=\"https:\/\/fillday.com\/\" target=\"_blank\" rel=\"noopener\"><img loading=\"lazy\" decoding=\"async\" width=\"1218\" height=\"415\" src=\"https:\/\/fillday.com\/luxtek\/wp-content\/uploads\/2022\/01\/fillday-tech-branco-01.png\" alt=\"\" class=\"wp-image-2024\" srcset=\"https:\/\/fillday.com\/luxtek\/wp-content\/uploads\/2022\/01\/fillday-tech-branco-01.png 1218w, https:\/\/fillday.com\/luxtek\/wp-content\/uploads\/2022\/01\/fillday-tech-branco-01-300x102.png 300w, https:\/\/fillday.com\/luxtek\/wp-content\/uploads\/2022\/01\/fillday-tech-branco-01-768x262.png 768w\" sizes=\"(max-width: 1218px) 100vw, 1218px\" \/><\/a><\/figure>\n<\/div>\n<\/div>\n<\/div><\/div>\n\n\n\n<div style=\"height:18px\" aria-hidden=\"true\" class=\"wp-block-spacer\"><\/div>\n\n\n\n<ul class=\"wp-block-social-links is-layout-flex wp-block-social-links-is-layout-flex\"><li class=\"wp-social-link wp-social-link-facebook  wp-block-social-link\"><a rel=\" noopener nofollow\" target=\"_blank\" href=\"https:\/\/www.facebook.com\/Geonext.pt\" class=\"wp-block-social-link-anchor\"><svg width=\"24\" height=\"24\" viewBox=\"0 0 24 24\" version=\"1.1\" xmlns=\"http:\/\/www.w3.org\/2000\/svg\" aria-hidden=\"true\" focusable=\"false\"><path d=\"M12 2C6.5 2 2 6.5 2 12c0 5 3.7 9.1 8.4 9.9v-7H7.9V12h2.5V9.8c0-2.5 1.5-3.9 3.8-3.9 1.1 0 2.2.2 2.2.2v2.5h-1.3c-1.2 0-1.6.8-1.6 1.6V12h2.8l-.4 2.9h-2.3v7C18.3 21.1 22 17 22 12c0-5.5-4.5-10-10-10z\"><\/path><\/svg><span class=\"wp-block-social-link-label screen-reader-text\">Facebook<\/span><\/a><\/li>\n\n<li class=\"wp-social-link wp-social-link-youtube  wp-block-social-link\"><a rel=\" noopener nofollow\" target=\"_blank\" href=\"https:\/\/www.youtube.com\/channel\/UCHg01B93YXB3r-GRtW2ZZ6g\" class=\"wp-block-social-link-anchor\"><svg width=\"24\" height=\"24\" viewBox=\"0 0 24 24\" version=\"1.1\" xmlns=\"http:\/\/www.w3.org\/2000\/svg\" aria-hidden=\"true\" focusable=\"false\"><path d=\"M21.8,8.001c0,0-0.195-1.378-0.795-1.985c-0.76-0.797-1.613-0.801-2.004-0.847c-2.799-0.202-6.997-0.202-6.997-0.202 h-0.009c0,0-4.198,0-6.997,0.202C4.608,5.216,3.756,5.22,2.995,6.016C2.395,6.623,2.2,8.001,2.2,8.001S2,9.62,2,11.238v1.517 c0,1.618,0.2,3.237,0.2,3.237s0.195,1.378,0.795,1.985c0.761,0.797,1.76,0.771,2.205,0.855c1.6,0.153,6.8,0.201,6.8,0.201 s4.203-0.006,7.001-0.209c0.391-0.047,1.243-0.051,2.004-0.847c0.6-0.607,0.795-1.985,0.795-1.985s0.2-1.618,0.2-3.237v-1.517 C22,9.62,21.8,8.001,21.8,8.001z M9.935,14.594l-0.001-5.62l5.404,2.82L9.935,14.594z\"><\/path><\/svg><span class=\"wp-block-social-link-label screen-reader-text\">YouTube<\/span><\/a><\/li>\n\n<li class=\"wp-social-link wp-social-link-linkedin  wp-block-social-link\"><a rel=\" noopener nofollow\" target=\"_blank\" href=\"https:\/\/www.linkedin.com\/company\/geonext-sa\/\" class=\"wp-block-social-link-anchor\"><svg width=\"24\" height=\"24\" viewBox=\"0 0 24 24\" version=\"1.1\" xmlns=\"http:\/\/www.w3.org\/2000\/svg\" aria-hidden=\"true\" focusable=\"false\"><path d=\"M19.7,3H4.3C3.582,3,3,3.582,3,4.3v15.4C3,20.418,3.582,21,4.3,21h15.4c0.718,0,1.3-0.582,1.3-1.3V4.3 C21,3.582,20.418,3,19.7,3z M8.339,18.338H5.667v-8.59h2.672V18.338z M7.004,8.574c-0.857,0-1.549-0.694-1.549-1.548 c0-0.855,0.691-1.548,1.549-1.548c0.854,0,1.547,0.694,1.547,1.548C8.551,7.881,7.858,8.574,7.004,8.574z M18.339,18.338h-2.669 v-4.177c0-0.996-0.017-2.278-1.387-2.278c-1.389,0-1.601,1.086-1.601,2.206v4.249h-2.667v-8.59h2.559v1.174h0.037 c0.356-0.675,1.227-1.387,2.526-1.387c2.703,0,3.203,1.779,3.203,4.092V18.338z\"><\/path><\/svg><span class=\"wp-block-social-link-label screen-reader-text\">LinkedIn<\/span><\/a><\/li><\/ul>\n<\/div>\n<\/div>\n<\/div><\/div>\n<\/div><\/div>\n<\/div><\/div>\n","protected":false},"excerpt":{"rendered":"<p>CONTACTOS Geonext Produtos&nbsp;El\u00e9ctricos,&nbsp;S.A. Telef: +351 252 301 260 (Chamada para rede fixa nacional) Fax: +351 252 378 160 Email: geral@fillday.com Sede Social Rua Ant\u00f3nio Silva Marinho, 197 4100-064 Porto PORTUGAL Central de distribui\u00e7\u00e3o, Centro Logistico e Exposi\u00e7\u00e3o Rua da Ind\u00fastria, 181 P\u00f3lo Industrial de Lousado 4760-810 Lousado, V.N. Famalic\u00e3o PORTUGAL<\/p>\n","protected":false},"author":1,"featured_media":0,"parent":0,"menu_order":0,"comment_status":"closed","ping_status":"closed","template":"","meta":{"inline_featured_image":false,"neve_meta_sidebar":"full-width","neve_meta_container":"default","neve_meta_enable_content_width":"on","neve_meta_content_width":100,"neve_meta_title_alignment":"left","neve_meta_author_avatar":"","neve_post_elements_order":"","neve_meta_disable_header":"","neve_meta_disable_footer":"","neve_meta_disable_title":"on","footnotes":""},"yoast_head":"<!-- This site is optimized with the Yoast SEO plugin v21.7 - https:\/\/yoast.com\/wordpress\/plugins\/seo\/ -->\n<title>CONTACTOS - LUXTEK<\/title>\n<meta name=\"robots\" content=\"index, follow, max-snippet:-1, max-image-preview:large, max-video-preview:-1\" \/>\n<link rel=\"canonical\" href=\"https:\/\/fillday.com\/luxtek\/contactos\/\" \/>\n<meta property=\"og:locale\" content=\"en_US\" \/>\n<meta property=\"og:type\" content=\"article\" \/>\n<meta property=\"og:title\" content=\"CONTACTOS - LUXTEK\" \/>\n<meta property=\"og:description\" content=\"CONTACTOS Geonext Produtos&nbsp;El\u00e9ctricos,&nbsp;S.A. Telef: +351 252 301 260 (Chamada para rede fixa nacional) Fax: +351 252 378 160 Email: geral@fillday.com Sede Social Rua Ant\u00f3nio Silva Marinho, 197 4100-064 Porto PORTUGAL Central de distribui\u00e7\u00e3o, Centro Logistico e Exposi\u00e7\u00e3o Rua da Ind\u00fastria, 181 P\u00f3lo Industrial de Lousado 4760-810 Lousado, V.N. Famalic\u00e3o PORTUGAL\" \/>\n<meta property=\"og:url\" content=\"https:\/\/fillday.com\/luxtek\/contactos\/\" \/>\n<meta property=\"og:site_name\" content=\"LUXTEK\" \/>\n<meta property=\"article:modified_time\" content=\"2022-12-27T17:13:12+00:00\" \/>\n<meta name=\"twitter:card\" content=\"summary_large_image\" \/>\n<meta name=\"twitter:label1\" content=\"Est. reading time\" \/>\n\t<meta name=\"twitter:data1\" content=\"1 minute\" \/>\n<script type=\"application\/ld+json\" class=\"yoast-schema-graph\">{\"@context\":\"https:\/\/schema.org\",\"@graph\":[{\"@type\":\"WebPage\",\"@id\":\"https:\/\/fillday.com\/luxtek\/contactos\/\",\"url\":\"https:\/\/fillday.com\/luxtek\/contactos\/\",\"name\":\"CONTACTOS - LUXTEK\",\"isPartOf\":{\"@id\":\"https:\/\/fillday.com\/luxtek\/#website\"},\"datePublished\":\"2020-08-13T11:30:53+00:00\",\"dateModified\":\"2022-12-27T17:13:12+00:00\",\"breadcrumb\":{\"@id\":\"https:\/\/fillday.com\/luxtek\/contactos\/#breadcrumb\"},\"inLanguage\":\"en-US\",\"potentialAction\":[{\"@type\":\"ReadAction\",\"target\":[\"https:\/\/fillday.com\/luxtek\/contactos\/\"]}]},{\"@type\":\"BreadcrumbList\",\"@id\":\"https:\/\/fillday.com\/luxtek\/contactos\/#breadcrumb\",\"itemListElement\":[{\"@type\":\"ListItem\",\"position\":1,\"name\":\"Home\",\"item\":\"https:\/\/fillday.com\/luxtek\/\"},{\"@type\":\"ListItem\",\"position\":2,\"name\":\"CONTACTOS\"}]},{\"@type\":\"WebSite\",\"@id\":\"https:\/\/fillday.com\/luxtek\/#website\",\"url\":\"https:\/\/fillday.com\/luxtek\/\",\"name\":\"LUXTEK\",\"description\":\"\",\"potentialAction\":[{\"@type\":\"SearchAction\",\"target\":{\"@type\":\"EntryPoint\",\"urlTemplate\":\"https:\/\/fillday.com\/luxtek\/?s={search_term_string}\"},\"query-input\":\"required name=search_term_string\"}],\"inLanguage\":\"en-US\"}]}<\/script>\n<!-- \/ Yoast SEO plugin. -->","yoast_head_json":{"title":"CONTACTOS - LUXTEK","robots":{"index":"index","follow":"follow","max-snippet":"max-snippet:-1","max-image-preview":"max-image-preview:large","max-video-preview":"max-video-preview:-1"},"canonical":"https:\/\/fillday.com\/luxtek\/contactos\/","og_locale":"en_US","og_type":"article","og_title":"CONTACTOS - LUXTEK","og_description":"CONTACTOS Geonext Produtos&nbsp;El\u00e9ctricos,&nbsp;S.A. Telef: +351 252 301 260 (Chamada para rede fixa nacional) Fax: +351 252 378 160 Email: geral@fillday.com Sede Social Rua Ant\u00f3nio Silva Marinho, 197 4100-064 Porto PORTUGAL Central de distribui\u00e7\u00e3o, Centro Logistico e Exposi\u00e7\u00e3o Rua da Ind\u00fastria, 181 P\u00f3lo Industrial de Lousado 4760-810 Lousado, V.N. Famalic\u00e3o PORTUGAL","og_url":"https:\/\/fillday.com\/luxtek\/contactos\/","og_site_name":"LUXTEK","article_modified_time":"2022-12-27T17:13:12+00:00","twitter_card":"summary_large_image","twitter_misc":{"Est. reading time":"1 minute"},"schema":{"@context":"https:\/\/schema.org","@graph":[{"@type":"WebPage","@id":"https:\/\/fillday.com\/luxtek\/contactos\/","url":"https:\/\/fillday.com\/luxtek\/contactos\/","name":"CONTACTOS - LUXTEK","isPartOf":{"@id":"https:\/\/fillday.com\/luxtek\/#website"},"datePublished":"2020-08-13T11:30:53+00:00","dateModified":"2022-12-27T17:13:12+00:00","breadcrumb":{"@id":"https:\/\/fillday.com\/luxtek\/contactos\/#breadcrumb"},"inLanguage":"en-US","potentialAction":[{"@type":"ReadAction","target":["https:\/\/fillday.com\/luxtek\/contactos\/"]}]},{"@type":"BreadcrumbList","@id":"https:\/\/fillday.com\/luxtek\/contactos\/#breadcrumb","itemListElement":[{"@type":"ListItem","position":1,"name":"Home","item":"https:\/\/fillday.com\/luxtek\/"},{"@type":"ListItem","position":2,"name":"CONTACTOS"}]},{"@type":"WebSite","@id":"https:\/\/fillday.com\/luxtek\/#website","url":"https:\/\/fillday.com\/luxtek\/","name":"LUXTEK","description":"","potentialAction":[{"@type":"SearchAction","target":{"@type":"EntryPoint","urlTemplate":"https:\/\/fillday.com\/luxtek\/?s={search_term_string}"},"query-input":"required name=search_term_string"}],"inLanguage":"en-US"}]}},"_links":{"self":[{"href":"https:\/\/fillday.com\/luxtek\/wp-json\/wp\/v2\/pages\/106"}],"collection":[{"href":"https:\/\/fillday.com\/luxtek\/wp-json\/wp\/v2\/pages"}],"about":[{"href":"https:\/\/fillday.com\/luxtek\/wp-json\/wp\/v2\/types\/page"}],"author":[{"embeddable":true,"href":"https:\/\/fillday.com\/luxtek\/wp-json\/wp\/v2\/users\/1"}],"replies":[{"embeddable":true,"href":"https:\/\/fillday.com\/luxtek\/wp-json\/wp\/v2\/comments?post=106"}],"version-history":[{"count":119,"href":"https:\/\/fillday.com\/luxtek\/wp-json\/wp\/v2\/pages\/106\/revisions"}],"predecessor-version":[{"id":2612,"href":"https:\/\/fillday.com\/luxtek\/wp-json\/wp\/v2\/pages\/106\/revisions\/2612"}],"wp:attachment":[{"href":"https:\/\/fillday.com\/luxtek\/wp-json\/wp\/v2\/media?parent=106"}],"curies":[{"name":"wp","href":"https:\/\/api.w.org\/{rel}","templated":true}]}}