{"id":11,"date":"2020-08-10T14:20:12","date_gmt":"2020-08-10T14:20:12","guid":{"rendered":"http:\/\/fillday.com\/luxtek\/?page_id=11"},"modified":"2023-04-04T11:15:37","modified_gmt":"2023-04-04T11:15:37","slug":"luxtek","status":"publish","type":"page","link":"https:\/\/fillday.com\/luxtek\/","title":{"rendered":"LUXTEK"},"content":{"rendered":"\n\n\n\n<div id=\"belowheader\" class=\"wp-block-group paddingbottom belowheader is-layout-flow wp-block-group-is-layout-flow\"><div class=\"wp-block-group__inner-container\">\n<div id=\"toPageContent\" class=\"one-row text-center scroll-down\">\n\t<picture class=\"arrows_down\">\n\t\t<svg width=\"25px\" height=\"25px\" version=\"1.1\" id=\"Layer_1\" xmlns=\"http:\/\/www.w3.org\/2000\/svg\" xmlns:xlink=\"http:\/\/www.w3.org\/1999\/xlink\" x=\"0px\" y=\"0px\" viewBox=\"0 0 23.8 23.8\" style=\"enable-background:new 0 0 23.8 23.8;\" xml:space=\"preserve\">\n\t\t\t<g><polygon class=\"st0\" points=\"11.9,12.8 0,2.7 2.3,0 11.9,8.2 21.5,0 23.8,2.7 \"><\/polygon><\/g>\n\t\t\t<g><polygon class=\"st1\" points=\"11.9,23.8 0,13.7 2.3,11 11.9,19.2 21.5,11 23.8,13.7 \"><\/polygon><\/g>\n\t\t<\/svg>\n\t<\/picture>\n<\/div>\n\n\n\n<div id=\"pageContent\" class=\"wp-block-group two-thirds-centered is-layout-flow wp-block-group-is-layout-flow\"><div class=\"wp-block-group__inner-container\">\n<h2 class=\"has-text-align-center wp-block-heading\" id=\"luxtek-iluminacao\">FILLDAY LUXTEK<\/h2>\n\n\n\n<p class=\"has-text-align-center\">A&nbsp;<strong><em>Luxtek<\/em><\/strong>&nbsp;\u00e9 uma marca de l\u00e2mpadas conhecida pela qualidade, inova\u00e7\u00e3o, fiabilidade e durabilidade. Foi concebida e apresentada ao p\u00fablico h\u00e1 mais de tr\u00eas d\u00e9cadas e foi das primeiras l\u00e2mpadas fluorescentes compactas no mercado portugu\u00eas, tendo sido objecto de v\u00e1rios pr\u00e9mios, alargando o seu \u00e2mbito \u00e0 tecnologia&nbsp;<em>LED<\/em><\/p>\n\n\n\n<p class=\"has-text-align-center\">Sobre a marca&nbsp;<strong>FILLDAY |&nbsp;<em>Luxtek<\/em><\/strong>&nbsp;\u00e9 desenvolvido um intenso trabalho de investiga\u00e7\u00e3o que permite um produto tecnologicamente muito evolu\u00eddo, com ganhos sucessivos em economia, efici\u00eancia energ\u00e9tica e rela\u00e7\u00e3o com o ambiente.<\/p>\n<\/div><\/div>\n<\/div><\/div>\n\n\n\n<div class=\"wp-block-group paddingtop2x paddingbottom2x is-layout-flow wp-block-group-is-layout-flow\"><div class=\"wp-block-group__inner-container\">\n<figure class=\"wp-block-image size-full\" id=\"decorative-image-2\"><img loading=\"lazy\" decoding=\"async\" width=\"1905\" height=\"1240\" src=\"https:\/\/fillday.com\/luxtek\/wp-content\/uploads\/2022\/01\/Fillday_luxtek_Tempertura-de-Cor.jpg\" alt=\"\" class=\"wp-image-2066\" srcset=\"https:\/\/fillday.com\/luxtek\/wp-content\/uploads\/2022\/01\/Fillday_luxtek_Tempertura-de-Cor.jpg 1905w, https:\/\/fillday.com\/luxtek\/wp-content\/uploads\/2022\/01\/Fillday_luxtek_Tempertura-de-Cor-300x195.jpg 300w, https:\/\/fillday.com\/luxtek\/wp-content\/uploads\/2022\/01\/Fillday_luxtek_Tempertura-de-Cor-768x500.jpg 768w, https:\/\/fillday.com\/luxtek\/wp-content\/uploads\/2022\/01\/Fillday_luxtek_Tempertura-de-Cor-1536x1000.jpg 1536w\" sizes=\"(max-width: 1905px) 100vw, 1905px\" \/><\/figure>\n<\/div><\/div>\n\n\n\n<div class=\"wp-block-group above-footer is-layout-flow wp-block-group-is-layout-flow\"><div class=\"wp-block-group__inner-container\">\n<div id=\"deseja\" class=\"wp-block-group deseja is-layout-flow wp-block-group-is-layout-flow\"><div class=\"wp-block-group__inner-container\">\n<div style=\"height:64px\" aria-hidden=\"true\" class=\"wp-block-spacer\"><\/div>\n\n\n\n<h2 class=\"wp-block-heading has-text-align-center\">DESEJA RECEBER MAIS INFORMA\u00c7\u00d5ES SOBRE OS PRODUTOS<\/h2>\n\n\n\n<div class=\"wp-block-buttons is-horizontal is-content-justification-center is-layout-flex wp-container-core-buttons-layout-1 wp-block-buttons-is-layout-flex\">\n<div class=\"wp-block-button\"><a class=\"wp-block-button__link has-text-color has-background wp-element-button\" href=\"https:\/\/fillday.com\/luxtek\/contactos\/\" style=\"color:#ffffff;background-color:#007934\" target=\"_blank\" rel=\"noreferrer noopener\">CONTACTE-NOS<\/a><\/div>\n<\/div>\n\n\n\n<div style=\"height:64px\" aria-hidden=\"true\" class=\"wp-block-spacer\"><\/div>\n<\/div><\/div>\n\n\n\n<div id=\"footer-row\" class=\"wp-block-group footer-padding has-nv-site-bg-color has-nv-dark-bg-background-color has-text-color has-background is-layout-flow wp-block-group-is-layout-flow\"><div class=\"wp-block-group__inner-container\">\n<div style=\"height:16px\" aria-hidden=\"true\" class=\"wp-block-spacer\"><\/div>\n\n\n\n<div class=\"wp-block-columns is-layout-flex wp-container-core-columns-layout-1 wp-block-columns-is-layout-flex\">\n<div class=\"wp-block-column footer-logo-col is-layout-flow wp-block-column-is-layout-flow\" style=\"flex-basis:17%\">\n<figure class=\"wp-block-image size-large\" id=\"footer-logo\"><a href=\"https:\/\/fillday.com\/luxtek\/\"><img decoding=\"async\" src=\"https:\/\/fillday.com\/luxtek\/wp-content\/uploads\/2021\/07\/Fillday-Luxtek_Branco-01.png\" alt=\"\"\/><\/a><\/figure>\n<\/div>\n\n\n\n<div class=\"wp-block-column is-layout-flow wp-block-column-is-layout-flow\"><\/div>\n\n\n\n<div class=\"wp-block-column is-layout-flow wp-block-column-is-layout-flow\"><\/div>\n<\/div>\n\n\n\n<div style=\"height:28px\" aria-hidden=\"true\" class=\"wp-block-spacer\"><\/div>\n\n\n\n<div class=\"wp-block-columns is-layout-flex wp-container-core-columns-layout-4 wp-block-columns-is-layout-flex\">\n<div class=\"wp-block-column is-layout-flow wp-block-column-is-layout-flow\" style=\"flex-basis:33%\" id=\"footer-col-1\">\n<p class=\"ft-col-1-p-1\">Rua da Ind\u00fastria, 181<\/p>\n\n\n\n<p class=\"ft-col-1-p-1\">P\u00f3lo Industrial de Lousado<\/p>\n\n\n\n<p class=\"ft-col-1-p-2\">4760-810 Lousado, V.N. Famalic\u00e3o | PT<\/p>\n\n\n\n<div id=\"address\" class=\"wp-block-group address is-layout-flow wp-block-group-is-layout-flow\"><div class=\"wp-block-group__inner-container\">\n<div class=\"wp-block-columns is-layout-flex wp-container-core-columns-layout-2 wp-block-columns-is-layout-flex\" id=\"address-r1\">\n<div class=\"wp-block-column is-layout-flow wp-block-column-is-layout-flow\" style=\"flex-basis:9%\">\n<p>Telef:<\/p>\n<\/div>\n\n\n\n<div class=\"wp-block-column is-layout-flow wp-block-column-is-layout-flow\" style=\"flex-basis:33%\">\n<p>+351 252 301 260<\/p>\n<\/div>\n\n\n\n<div class=\"wp-block-column chamada is-layout-flow wp-block-column-is-layout-flow\" style=\"flex-basis:58%\">\n<p>(Chamada para rede fixa nacional)<\/p>\n<\/div>\n<\/div>\n\n\n\n<div id=\"address-r2-c1\" class=\"wp-block-group address-r2 address-c1 is-layout-flow wp-block-group-is-layout-flow\"><div class=\"wp-block-group__inner-container\">\n<p>Fax:<\/p>\n<\/div><\/div>\n\n\n\n<div id=\"address-r2-c2\" class=\"wp-block-group address-r2 address-c2 is-layout-flow wp-block-group-is-layout-flow\"><div class=\"wp-block-group__inner-container\">\n<p>+351 252 378 160<\/p>\n<\/div><\/div>\n\n\n\n<div id=\"address-r3-c1\" class=\"wp-block-group address-r3 address-c1 is-layout-flow wp-block-group-is-layout-flow\"><div class=\"wp-block-group__inner-container\">\n<p>Email:<\/p>\n<\/div><\/div>\n\n\n\n<div id=\"address-r3-c2\" class=\"wp-block-group address-r3 address-c2 is-layout-flow wp-block-group-is-layout-flow\"><div class=\"wp-block-group__inner-container\">\n<p> <a href=\"mailto:geral@fillday.com\">geral@fillday.com<\/a><\/p>\n<\/div><\/div>\n<\/div><\/div>\n<\/div>\n\n\n\n<div class=\"wp-block-column is-layout-flow wp-block-column-is-layout-flow\" style=\"flex-basis:29%\" id=\"footer-col-2\">\n<p class=\"link-white\"><a href=\"https:\/\/fillday.com\/luxtek\/produtos\/\"><strong>PRODUTOS<\/strong><\/a><\/p>\n\n\n\n<p class=\"link-white\"><a href=\"https:\/\/fillday.com\/luxtek\/transferencias\/\"><strong>TRANSFER\u00caNCIAS<\/strong><\/a><\/p>\n\n\n\n<p class=\"link-white\"><a href=\"https:\/\/fillday.com\/luxtek\/contacto\/\"><strong>CONTACTOS<\/strong><\/a><\/p>\n\n\n\n<p class=\"link-white\"><a href=\"https:\/\/fillday.com\/politica-de-privacidade\/\"><strong>POL\u00cdTICA DE PRIVACIDADE<\/strong><\/a><\/p>\n<\/div>\n\n\n\n<div class=\"wp-block-column is-layout-flow wp-block-column-is-layout-flow\" style=\"flex-basis:38%\" id=\"footer-col-3\">\n<div class=\"wp-block-buttons is-layout-flex wp-block-buttons-is-layout-flex\">\n<div class=\"wp-block-button subscribe-button\" id=\"subscribe-button\"><a class=\"wp-block-button__link has-background wp-element-button\" style=\"border-radius:0px;background-color:#4f4f4f\" rel=\"\">SUBSCREVE A NOSSA NEWSLETTER<\/a><\/div>\n<\/div>\n\n\n\n<div id=\"popup-wrapper\" class=\"wp-block-group popup off is-layout-flow wp-block-group-is-layout-flow\"><div class=\"wp-block-group__inner-container\">\n<div id=\"close-pop-up\">\n            <div id=\"close-x\">\n\n            <\/div>\n        <\/div>\n\n\n\n<div class=\"eg-embed-3ele2LxO egoi-newsletter\"><\/div>\n<\/div><\/div>\n\n\n\n<div class=\"wp-block-group four-icons-white is-layout-flow wp-block-group-is-layout-flow\"><div class=\"wp-block-group__inner-container\">\n<div class=\"wp-block-columns is-layout-flex wp-container-core-columns-layout-3 wp-block-columns-is-layout-flex\">\n<div class=\"wp-block-column is-layout-flow wp-block-column-is-layout-flow\">\n<figure class=\"wp-block-image size-full\"><a href=\"https:\/\/fillday.com\/luxtek\/\"><img loading=\"lazy\" decoding=\"async\" width=\"1218\" height=\"414\" src=\"https:\/\/fillday.com\/luxtek\/wp-content\/uploads\/2022\/01\/fillday-luxtek-branco-01.png\" alt=\"\" class=\"wp-image-2020\" srcset=\"https:\/\/fillday.com\/luxtek\/wp-content\/uploads\/2022\/01\/fillday-luxtek-branco-01.png 1218w, https:\/\/fillday.com\/luxtek\/wp-content\/uploads\/2022\/01\/fillday-luxtek-branco-01-300x102.png 300w, https:\/\/fillday.com\/luxtek\/wp-content\/uploads\/2022\/01\/fillday-luxtek-branco-01-768x261.png 768w\" sizes=\"(max-width: 1218px) 100vw, 1218px\" \/><\/a><\/figure>\n<\/div>\n\n\n\n<div class=\"wp-block-column is-layout-flow wp-block-column-is-layout-flow\">\n<figure class=\"wp-block-image size-full\"><a href=\"https:\/\/www.lumitek.pt\/\" target=\"_blank\" rel=\"noopener\"><img loading=\"lazy\" decoding=\"async\" width=\"1218\" height=\"415\" src=\"https:\/\/fillday.com\/luxtek\/wp-content\/uploads\/2022\/01\/fillday-lumitek-branco-01.png\" alt=\"\" class=\"wp-image-2022\" srcset=\"https:\/\/fillday.com\/luxtek\/wp-content\/uploads\/2022\/01\/fillday-lumitek-branco-01.png 1218w, https:\/\/fillday.com\/luxtek\/wp-content\/uploads\/2022\/01\/fillday-lumitek-branco-01-300x102.png 300w, https:\/\/fillday.com\/luxtek\/wp-content\/uploads\/2022\/01\/fillday-lumitek-branco-01-768x262.png 768w\" sizes=\"(max-width: 1218px) 100vw, 1218px\" \/><\/a><\/figure>\n<\/div>\n\n\n\n<div class=\"wp-block-column is-layout-flow wp-block-column-is-layout-flow\">\n<figure class=\"wp-block-image size-full\"><a href=\"https:\/\/www.blink.com.pt\/\" target=\"_blank\" rel=\"noopener\"><img loading=\"lazy\" decoding=\"async\" width=\"1218\" height=\"415\" src=\"https:\/\/fillday.com\/luxtek\/wp-content\/uploads\/2022\/01\/fillday-blink-branco-01.png\" alt=\"\" class=\"wp-image-2023\" srcset=\"https:\/\/fillday.com\/luxtek\/wp-content\/uploads\/2022\/01\/fillday-blink-branco-01.png 1218w, https:\/\/fillday.com\/luxtek\/wp-content\/uploads\/2022\/01\/fillday-blink-branco-01-300x102.png 300w, https:\/\/fillday.com\/luxtek\/wp-content\/uploads\/2022\/01\/fillday-blink-branco-01-768x262.png 768w\" sizes=\"(max-width: 1218px) 100vw, 1218px\" \/><\/a><\/figure>\n<\/div>\n\n\n\n<div class=\"wp-block-column is-layout-flow wp-block-column-is-layout-flow\">\n<figure class=\"wp-block-image size-full\"><a href=\"https:\/\/fillday.com\/\" target=\"_blank\" rel=\"noopener\"><img loading=\"lazy\" decoding=\"async\" width=\"1218\" height=\"415\" src=\"https:\/\/fillday.com\/luxtek\/wp-content\/uploads\/2022\/01\/fillday-tech-branco-01.png\" alt=\"\" class=\"wp-image-2024\" srcset=\"https:\/\/fillday.com\/luxtek\/wp-content\/uploads\/2022\/01\/fillday-tech-branco-01.png 1218w, https:\/\/fillday.com\/luxtek\/wp-content\/uploads\/2022\/01\/fillday-tech-branco-01-300x102.png 300w, https:\/\/fillday.com\/luxtek\/wp-content\/uploads\/2022\/01\/fillday-tech-branco-01-768x262.png 768w\" sizes=\"(max-width: 1218px) 100vw, 1218px\" \/><\/a><\/figure>\n<\/div>\n<\/div>\n<\/div><\/div>\n\n\n\n<div style=\"height:18px\" aria-hidden=\"true\" class=\"wp-block-spacer\"><\/div>\n\n\n\n<ul class=\"wp-block-social-links is-layout-flex wp-block-social-links-is-layout-flex\"><li class=\"wp-social-link wp-social-link-facebook  wp-block-social-link\"><a rel=\" noopener nofollow\" target=\"_blank\" href=\"https:\/\/www.facebook.com\/Geonext.pt\" class=\"wp-block-social-link-anchor\"><svg width=\"24\" height=\"24\" viewBox=\"0 0 24 24\" version=\"1.1\" xmlns=\"http:\/\/www.w3.org\/2000\/svg\" aria-hidden=\"true\" focusable=\"false\"><path d=\"M12 2C6.5 2 2 6.5 2 12c0 5 3.7 9.1 8.4 9.9v-7H7.9V12h2.5V9.8c0-2.5 1.5-3.9 3.8-3.9 1.1 0 2.2.2 2.2.2v2.5h-1.3c-1.2 0-1.6.8-1.6 1.6V12h2.8l-.4 2.9h-2.3v7C18.3 21.1 22 17 22 12c0-5.5-4.5-10-10-10z\"><\/path><\/svg><span class=\"wp-block-social-link-label screen-reader-text\">Facebook<\/span><\/a><\/li>\n\n<li class=\"wp-social-link wp-social-link-youtube  wp-block-social-link\"><a rel=\" noopener nofollow\" target=\"_blank\" href=\"https:\/\/www.youtube.com\/channel\/UCHg01B93YXB3r-GRtW2ZZ6g\" class=\"wp-block-social-link-anchor\"><svg width=\"24\" height=\"24\" viewBox=\"0 0 24 24\" version=\"1.1\" xmlns=\"http:\/\/www.w3.org\/2000\/svg\" aria-hidden=\"true\" focusable=\"false\"><path d=\"M21.8,8.001c0,0-0.195-1.378-0.795-1.985c-0.76-0.797-1.613-0.801-2.004-0.847c-2.799-0.202-6.997-0.202-6.997-0.202 h-0.009c0,0-4.198,0-6.997,0.202C4.608,5.216,3.756,5.22,2.995,6.016C2.395,6.623,2.2,8.001,2.2,8.001S2,9.62,2,11.238v1.517 c0,1.618,0.2,3.237,0.2,3.237s0.195,1.378,0.795,1.985c0.761,0.797,1.76,0.771,2.205,0.855c1.6,0.153,6.8,0.201,6.8,0.201 s4.203-0.006,7.001-0.209c0.391-0.047,1.243-0.051,2.004-0.847c0.6-0.607,0.795-1.985,0.795-1.985s0.2-1.618,0.2-3.237v-1.517 C22,9.62,21.8,8.001,21.8,8.001z M9.935,14.594l-0.001-5.62l5.404,2.82L9.935,14.594z\"><\/path><\/svg><span class=\"wp-block-social-link-label screen-reader-text\">YouTube<\/span><\/a><\/li>\n\n<li class=\"wp-social-link wp-social-link-linkedin  wp-block-social-link\"><a rel=\" noopener nofollow\" target=\"_blank\" href=\"https:\/\/www.linkedin.com\/company\/geonext-sa\/\" class=\"wp-block-social-link-anchor\"><svg width=\"24\" height=\"24\" viewBox=\"0 0 24 24\" version=\"1.1\" xmlns=\"http:\/\/www.w3.org\/2000\/svg\" aria-hidden=\"true\" focusable=\"false\"><path d=\"M19.7,3H4.3C3.582,3,3,3.582,3,4.3v15.4C3,20.418,3.582,21,4.3,21h15.4c0.718,0,1.3-0.582,1.3-1.3V4.3 C21,3.582,20.418,3,19.7,3z M8.339,18.338H5.667v-8.59h2.672V18.338z M7.004,8.574c-0.857,0-1.549-0.694-1.549-1.548 c0-0.855,0.691-1.548,1.549-1.548c0.854,0,1.547,0.694,1.547,1.548C8.551,7.881,7.858,8.574,7.004,8.574z M18.339,18.338h-2.669 v-4.177c0-0.996-0.017-2.278-1.387-2.278c-1.389,0-1.601,1.086-1.601,2.206v4.249h-2.667v-8.59h2.559v1.174h0.037 c0.356-0.675,1.227-1.387,2.526-1.387c2.703,0,3.203,1.779,3.203,4.092V18.338z\"><\/path><\/svg><span class=\"wp-block-social-link-label screen-reader-text\">LinkedIn<\/span><\/a><\/li><\/ul>\n<\/div>\n<\/div>\n<\/div><\/div>\n<\/div><\/div>\n","protected":false},"excerpt":{"rendered":"<p>FILLDAY LUXTEK A&nbsp;Luxtek&nbsp;\u00e9 uma marca de l\u00e2mpadas conhecida pela qualidade, inova\u00e7\u00e3o, fiabilidade e durabilidade. Foi concebida e apresentada ao p\u00fablico h\u00e1 mais de tr\u00eas d\u00e9cadas e foi das primeiras l\u00e2mpadas fluorescentes compactas no mercado portugu\u00eas, tendo sido objecto de v\u00e1rios pr\u00e9mios, alargando o seu \u00e2mbito \u00e0 tecnologia&nbsp;LED Sobre a marca&nbsp;FILLDAY |&nbsp;Luxtek&nbsp;\u00e9 desenvolvido um intenso trabalho&hellip;&nbsp;<a href=\"https:\/\/fillday.com\/luxtek\/\" class=\"\" rel=\"bookmark\">Read More &raquo;<span class=\"screen-reader-text\">LUXTEK<\/span><\/a><\/p>\n","protected":false},"author":1,"featured_media":24,"parent":0,"menu_order":0,"comment_status":"closed","ping_status":"closed","template":"page-templates\/template-pagebuilder-full-width.php","meta":{"inline_featured_image":false,"neve_meta_sidebar":"","neve_meta_container":"full-width","neve_meta_enable_content_width":"on","neve_meta_content_width":100,"neve_meta_title_alignment":"","neve_meta_author_avatar":"","neve_post_elements_order":"","neve_meta_disable_header":"","neve_meta_disable_footer":"","neve_meta_disable_title":"","footnotes":""},"yoast_head":"<!-- This site is optimized with the Yoast SEO plugin v21.7 - https:\/\/yoast.com\/wordpress\/plugins\/seo\/ -->\n<title>LUXTEK - LUXTEK<\/title>\n<meta name=\"robots\" content=\"index, follow, max-snippet:-1, max-image-preview:large, max-video-preview:-1\" \/>\n<link rel=\"canonical\" href=\"https:\/\/fillday.com\/luxtek\/\" \/>\n<meta property=\"og:locale\" content=\"en_US\" \/>\n<meta property=\"og:type\" content=\"article\" \/>\n<meta property=\"og:title\" content=\"LUXTEK - LUXTEK\" \/>\n<meta property=\"og:description\" content=\"FILLDAY LUXTEK A&nbsp;Luxtek&nbsp;\u00e9 uma marca de l\u00e2mpadas conhecida pela qualidade, inova\u00e7\u00e3o, fiabilidade e durabilidade. Foi concebida e apresentada ao p\u00fablico h\u00e1 mais de tr\u00eas d\u00e9cadas e foi das primeiras l\u00e2mpadas fluorescentes compactas no mercado portugu\u00eas, tendo sido objecto de v\u00e1rios pr\u00e9mios, alargando o seu \u00e2mbito \u00e0 tecnologia&nbsp;LED Sobre a marca&nbsp;FILLDAY |&nbsp;Luxtek&nbsp;\u00e9 desenvolvido um intenso trabalho&hellip;&nbsp;Read More &raquo;LUXTEK\" \/>\n<meta property=\"og:url\" content=\"https:\/\/fillday.com\/luxtek\/\" \/>\n<meta property=\"og:site_name\" content=\"LUXTEK\" \/>\n<meta property=\"article:modified_time\" content=\"2023-04-04T11:15:37+00:00\" \/>\n<meta property=\"og:image\" content=\"https:\/\/fillday.com\/luxtek\/wp-content\/uploads\/2020\/08\/luxtek-1.jpg\" \/>\n\t<meta property=\"og:image:width\" content=\"1000\" \/>\n\t<meta property=\"og:image:height\" content=\"443\" \/>\n\t<meta property=\"og:image:type\" content=\"image\/jpeg\" \/>\n<meta name=\"twitter:card\" content=\"summary_large_image\" \/>\n<meta name=\"twitter:label1\" content=\"Est. reading time\" \/>\n\t<meta name=\"twitter:data1\" content=\"1 minute\" \/>\n<script type=\"application\/ld+json\" class=\"yoast-schema-graph\">{\"@context\":\"https:\/\/schema.org\",\"@graph\":[{\"@type\":\"WebPage\",\"@id\":\"https:\/\/fillday.com\/luxtek\/\",\"url\":\"https:\/\/fillday.com\/luxtek\/\",\"name\":\"LUXTEK - LUXTEK\",\"isPartOf\":{\"@id\":\"https:\/\/fillday.com\/luxtek\/#website\"},\"datePublished\":\"2020-08-10T14:20:12+00:00\",\"dateModified\":\"2023-04-04T11:15:37+00:00\",\"breadcrumb\":{\"@id\":\"https:\/\/fillday.com\/luxtek\/#breadcrumb\"},\"inLanguage\":\"en-US\",\"potentialAction\":[{\"@type\":\"ReadAction\",\"target\":[\"https:\/\/fillday.com\/luxtek\/\"]}]},{\"@type\":\"BreadcrumbList\",\"@id\":\"https:\/\/fillday.com\/luxtek\/#breadcrumb\",\"itemListElement\":[{\"@type\":\"ListItem\",\"position\":1,\"name\":\"Home\",\"item\":\"https:\/\/fillday.com\/luxtek\/\"},{\"@type\":\"ListItem\",\"position\":2,\"name\":\"LUXTEK\"}]},{\"@type\":\"WebSite\",\"@id\":\"https:\/\/fillday.com\/luxtek\/#website\",\"url\":\"https:\/\/fillday.com\/luxtek\/\",\"name\":\"LUXTEK\",\"description\":\"\",\"potentialAction\":[{\"@type\":\"SearchAction\",\"target\":{\"@type\":\"EntryPoint\",\"urlTemplate\":\"https:\/\/fillday.com\/luxtek\/?s={search_term_string}\"},\"query-input\":\"required name=search_term_string\"}],\"inLanguage\":\"en-US\"}]}<\/script>\n<!-- \/ Yoast SEO plugin. -->","yoast_head_json":{"title":"LUXTEK - LUXTEK","robots":{"index":"index","follow":"follow","max-snippet":"max-snippet:-1","max-image-preview":"max-image-preview:large","max-video-preview":"max-video-preview:-1"},"canonical":"https:\/\/fillday.com\/luxtek\/","og_locale":"en_US","og_type":"article","og_title":"LUXTEK - LUXTEK","og_description":"FILLDAY LUXTEK A&nbsp;Luxtek&nbsp;\u00e9 uma marca de l\u00e2mpadas conhecida pela qualidade, inova\u00e7\u00e3o, fiabilidade e durabilidade. Foi concebida e apresentada ao p\u00fablico h\u00e1 mais de tr\u00eas d\u00e9cadas e foi das primeiras l\u00e2mpadas fluorescentes compactas no mercado portugu\u00eas, tendo sido objecto de v\u00e1rios pr\u00e9mios, alargando o seu \u00e2mbito \u00e0 tecnologia&nbsp;LED Sobre a marca&nbsp;FILLDAY |&nbsp;Luxtek&nbsp;\u00e9 desenvolvido um intenso trabalho&hellip;&nbsp;Read More &raquo;LUXTEK","og_url":"https:\/\/fillday.com\/luxtek\/","og_site_name":"LUXTEK","article_modified_time":"2023-04-04T11:15:37+00:00","og_image":[{"width":1000,"height":443,"url":"https:\/\/fillday.com\/luxtek\/wp-content\/uploads\/2020\/08\/luxtek-1.jpg","type":"image\/jpeg"}],"twitter_card":"summary_large_image","twitter_misc":{"Est. reading time":"1 minute"},"schema":{"@context":"https:\/\/schema.org","@graph":[{"@type":"WebPage","@id":"https:\/\/fillday.com\/luxtek\/","url":"https:\/\/fillday.com\/luxtek\/","name":"LUXTEK - LUXTEK","isPartOf":{"@id":"https:\/\/fillday.com\/luxtek\/#website"},"datePublished":"2020-08-10T14:20:12+00:00","dateModified":"2023-04-04T11:15:37+00:00","breadcrumb":{"@id":"https:\/\/fillday.com\/luxtek\/#breadcrumb"},"inLanguage":"en-US","potentialAction":[{"@type":"ReadAction","target":["https:\/\/fillday.com\/luxtek\/"]}]},{"@type":"BreadcrumbList","@id":"https:\/\/fillday.com\/luxtek\/#breadcrumb","itemListElement":[{"@type":"ListItem","position":1,"name":"Home","item":"https:\/\/fillday.com\/luxtek\/"},{"@type":"ListItem","position":2,"name":"LUXTEK"}]},{"@type":"WebSite","@id":"https:\/\/fillday.com\/luxtek\/#website","url":"https:\/\/fillday.com\/luxtek\/","name":"LUXTEK","description":"","potentialAction":[{"@type":"SearchAction","target":{"@type":"EntryPoint","urlTemplate":"https:\/\/fillday.com\/luxtek\/?s={search_term_string}"},"query-input":"required name=search_term_string"}],"inLanguage":"en-US"}]}},"_links":{"self":[{"href":"https:\/\/fillday.com\/luxtek\/wp-json\/wp\/v2\/pages\/11"}],"collection":[{"href":"https:\/\/fillday.com\/luxtek\/wp-json\/wp\/v2\/pages"}],"about":[{"href":"https:\/\/fillday.com\/luxtek\/wp-json\/wp\/v2\/types\/page"}],"author":[{"embeddable":true,"href":"https:\/\/fillday.com\/luxtek\/wp-json\/wp\/v2\/users\/1"}],"replies":[{"embeddable":true,"href":"https:\/\/fillday.com\/luxtek\/wp-json\/wp\/v2\/comments?post=11"}],"version-history":[{"count":197,"href":"https:\/\/fillday.com\/luxtek\/wp-json\/wp\/v2\/pages\/11\/revisions"}],"predecessor-version":[{"id":2615,"href":"https:\/\/fillday.com\/luxtek\/wp-json\/wp\/v2\/pages\/11\/revisions\/2615"}],"wp:featuredmedia":[{"embeddable":true,"href":"https:\/\/fillday.com\/luxtek\/wp-json\/wp\/v2\/media\/24"}],"wp:attachment":[{"href":"https:\/\/fillday.com\/luxtek\/wp-json\/wp\/v2\/media?parent=11"}],"curies":[{"name":"wp","href":"https:\/\/api.w.org\/{rel}","templated":true}]}}